{"id":353,"date":"2024-03-26T23:26:47","date_gmt":"2024-03-26T20:26:47","guid":{"rendered":"https:\/\/eptastiktos.gr\/%ce%ba%ce%b1%ce%bb%cf%8e%cf%82-%ce%ae%ce%bb%ce%b8%ce%b1%cf%84%ce%b5\/"},"modified":"2026-03-02T12:45:02","modified_gmt":"2026-03-02T09:45:02","slug":"%ce%ba%ce%b1%ce%bb%cf%8e%cf%82-%ce%ae%ce%bb%ce%b8%ce%b1%cf%84%ce%b5","status":"publish","type":"page","link":"https:\/\/eptastiktos.gr\/fr\/","title":{"rendered":"Bienvenue"},"content":{"rendered":"<div class=\"et_pb_section_0 et_pb_section et_section_regular et_block_section\">\n<div class=\"et_pb_row_0 et_pb_row et_pb_gutters1 et_block_row\">\n<div class=\"et_pb_column_0 et_pb_column et_pb_column_4_4 et-last-child et_block_column et_pb_css_mix_blend_mode_passthrough\">\n<div class=\"et_pb_text_0 et_pb_text et_pb_bg_layout_light et_pb_module et_block_module\"><div class=\"et_pb_text_inner\">\n<div role=\"navigation\" aria-label=\"S\u00e9lecteur de langue\" class=\"wpml-ls-statics-shortcode_actions wpml-ls wpml-ls-legacy-list-horizontal\">\n\t<ul><li class=\"wpml-ls-slot-shortcode_actions wpml-ls-item wpml-ls-item-en wpml-ls-first-item wpml-ls-item-legacy-list-horizontal\">\n\t\t\t\t<a href=\"https:\/\/eptastiktos.gr\/en\/\" hreflang=\"en\" lang=\"en\" class=\"wpml-ls-link\" aria-label=\"Passer \u00e0 Anglais\" title=\"Passer \u00e0 Anglais\">\n\t\t\t\t\t                                    <img decoding=\"async\"\n            class=\"wpml-ls-flag\"\n            src=\"https:\/\/eptastiktos.gr\/wp-content\/plugins\/sitepress-multilingual-cms\/res\/flags\/en.svg\"\n            alt=\"Anglais\"\n            loading=\"lazy\"\n            width=21\n            height=14\n    \/><\/a>\n\t\t\t<\/li><li class=\"wpml-ls-slot-shortcode_actions wpml-ls-item wpml-ls-item-el wpml-ls-last-item wpml-ls-item-legacy-list-horizontal\">\n\t\t\t\t<a href=\"https:\/\/eptastiktos.gr\/\" hreflang=\"el\" lang=\"el\" class=\"wpml-ls-link\" aria-label=\"Passer \u00e0 Grec moderne\" title=\"Passer \u00e0 Grec moderne\">\n\t\t\t\t\t                                    <img decoding=\"async\"\n            class=\"wpml-ls-flag\"\n            src=\"https:\/\/eptastiktos.gr\/wp-content\/plugins\/sitepress-multilingual-cms\/res\/flags\/el.svg\"\n            alt=\"Grec moderne\"\n            loading=\"lazy\"\n            width=21\n            height=14\n    \/><\/a>\n\t\t\t<\/li><\/ul>\n<\/div>\n\n<\/div><\/div>\n<\/div>\n<\/div>\n\n<div class=\"et_pb_row_1 et_pb_row et_block_row\">\n<div class=\"et_pb_column_1 et_pb_column et_pb_column_3_5 et_block_column et_pb_css_mix_blend_mode_passthrough\">\n<div class=\"et_pb_post_title_0 et_pb_post_title et_pb_bg_layout_light et_pb_module et_block_module\"><div class=\"et_pb_title_container\"><h1 class=\"entry-title\">Bienvenue<\/h1><\/div><\/div>\n\n<div class=\"et_pb_text_1 et_pb_text et_pb_bg_layout_light et_pb_module et_block_module\"><div class=\"et_pb_text_inner\"><p>Le symbole embl\u00e9matique de la coop\u00e9rative sociale \"\u0395\u03a0\u03a4\u0391\u03a3\u03a4\u0399\u039a\u03a4\u039f\u03a3\" (un mot ancien signifiant 7 taches - stigmates) est la sympathique coccinelle (Coccinella septempunctata), meilleure amie de l'agriculteur. Apr\u00e8s s'\u00eatre reproduite dans les hauteurs de notre r\u00e9gion, elle voyage dans les plaines et nous accompagne dans nos t\u00e2ches quotidiennes, prot\u00e9geant simultan\u00e9ment notre production.<\/p>\n<\/div><\/div>\n\n<div class=\"et_pb_module et_pb_button_module_wrapper et_pb_button_0_wrapper\"><a class=\"et_pb_button_0 et_pb_button et_pb_bg_layout_light et_pb_module et_block_module\" href=\"https:\/\/eptastiktos.gr\/fr\/qui-sommes-nous\/\">Qui sommes-nous<\/a><\/div>\n<\/div>\n\n<div class=\"et_pb_column_2 et_pb_column et_pb_column_2_5 et-last-child et_block_column et_pb_css_mix_blend_mode_passthrough\">\n<div class=\"et_pb_image_0 et_pb_image et_pb_module et_block_module\"><span class=\"et_pb_image_wrap\"><img loading=\"lazy\" decoding=\"async\" src=\"https:\/\/eptastiktos.gr\/wp-content\/uploads\/2024\/02\/logo-eptastiktos-green-trans-250.webp\" width=\"250\" height=\"301\" srcset=\"https:\/\/eptastiktos.gr\/wp-content\/uploads\/2024\/02\/logo-eptastiktos-green-trans-250.webp 250w\" sizes=\"(max-width: 250px) 100vw, 250px\" class=\"wp-image-16\" title=\"logo-eptastiktos-green-trans-250\" \/><\/span><\/div>\n<\/div>\n<\/div>\n\n<div class=\"et_pb_row_2 et_pb_row et_pb_gutters2 et_block_row\">\n<div class=\"et_pb_column_3 et_pb_column et_pb_column_2_5 et_block_column et_pb_css_mix_blend_mode_passthrough\">\n<div class=\"et_pb_image_1 et_pb_image et_pb_module et_block_module\"><span class=\"et_pb_image_wrap\"><img loading=\"lazy\" decoding=\"async\" src=\"https:\/\/eptastiktos.gr\/wp-content\/uploads\/2024\/03\/about-left-image.webp\" width=\"331\" height=\"383\" srcset=\"https:\/\/eptastiktos.gr\/wp-content\/uploads\/2024\/03\/about-left-image.webp 331w, https:\/\/eptastiktos.gr\/wp-content\/uploads\/2024\/03\/about-left-image-259x300.webp 259w\" sizes=\"(max-width: 331px) 100vw, 331px\" class=\"wp-image-82\" title=\"about-left-image\" \/><\/span><\/div>\n<\/div>\n\n<div class=\"et_pb_column_4 et_pb_column et_pb_column_3_5 et-last-child et_block_column et_pb_css_mix_blend_mode_passthrough\">\n<div class=\"et_pb_blurb_0 et_pb_blurb et_pb_bg_layout_light et_pb_blurb_position_left et_clickable et_pb_module et_block_module\"><div class=\"et_pb_blurb_content\"><div class=\"et_pb_main_blurb_image\"><span class=\"et_pb_image_wrap\"><span class=\"et-pb-icon et-waypoint et_pb_animation_top et_pb_animation_top_tablet et_pb_animation_top_phone\">\ue08b<\/span><\/span><\/div><div class=\"et_pb_blurb_container\"><h4 class=\"et_pb_module_header\">\u00c9v\u00e9nements & Volontariat<\/h4><div class=\"et_pb_blurb_description\"><p>Nous participons ou organisons des \u00e9v\u00e9nements et des programmes de volontariat<\/p>\n<\/div><\/div><\/div><\/div>\n\n<div class=\"et_pb_blurb_1 et_pb_blurb et_pb_bg_layout_light et_pb_blurb_position_left et_clickable et_pb_module et_block_module\"><div class=\"et_pb_blurb_content\"><div class=\"et_pb_main_blurb_image\"><span class=\"et_pb_image_wrap\"><span class=\"et-pb-icon et-waypoint et_pb_animation_top et_pb_animation_top_tablet et_pb_animation_top_phone\">\ue008<\/span><\/span><\/div><div class=\"et_pb_blurb_container\"><h4 class=\"et_pb_module_header\">Emballage collector<\/h4><div class=\"et_pb_blurb_description\"><p>Production limit\u00e9e et num\u00e9rot\u00e9e en 100 et 500 ml \u00e0 partir d'arbres sp\u00e9cifiques<\/p>\n<\/div><\/div><\/div><\/div>\n\n<div class=\"et_pb_blurb_2 et_pb_blurb et_pb_bg_layout_light et_pb_blurb_position_left et_clickable et_pb_module et_block_module\"><div class=\"et_pb_blurb_content\"><div class=\"et_pb_main_blurb_image\"><span class=\"et_pb_image_wrap\"><span class=\"et-pb-icon et-waypoint et_pb_animation_top et_pb_animation_top_tablet et_pb_animation_top_phone\">\uf5ad<\/span><\/span><\/div><div class=\"et_pb_blurb_container\"><h4 class=\"et_pb_module_header\">Code \u00e9thique<\/h4><div class=\"et_pb_blurb_description\"><p>Nos produits sont le fruit d'une vie de travail avec respect pour l'environnement naturel<\/p>\n<\/div><\/div><\/div><\/div>\n<\/div>\n<\/div>\n\n<div class=\"et_pb_row_3 et_pb_row et_pb_row_3-4_1-4 et_block_row et_block_row_3-4_1-4\">\n<div class=\"et_pb_column_5 et_pb_column et_pb_column_3_4 et_block_column et_pb_css_mix_blend_mode_passthrough\">\n<div class=\"et_pb_text_2 et_pb_text et_pb_bg_layout_light et_pb_module et_block_module\"><div class=\"et_pb_text_inner\"><h2>Arbres immortels<\/h2>\n<p>Les oliviers immortels : Les t\u00e9moins anciens de l'histoire cr\u00e9toise. Des Minoens \u00e0 l'\u00e9poque moderne, ces arbres ont v\u00e9cu beaucoup. Ils restent debout, \u00e9voquant notre h\u00e9ritage pass\u00e9. Il est temps de les prot\u00e9ger et de les mettre en valeur.<\/p>\n<\/div><\/div>\n\n<div class=\"et_pb_module et_pb_button_module_wrapper et_pb_button_1_wrapper\"><a class=\"et_pb_button_1 et_pb_button et_pb_bg_layout_light et_pb_module et_block_module\" href=\"https:\/\/eptastiktos.gr\/%CF%84%CE%B9-%CE%BA%CE%AC%CE%BD%CE%BF%CF%85%CE%BC%CE%B5\/#section2\">En savoir plus<\/a><\/div>\n<\/div>\n\n<div class=\"et_pb_column_6 et_pb_column et_pb_column_1_4 et-last-child et_block_column et_pb_css_mix_blend_mode_passthrough\">\n<div class=\"et_pb_image_2 et_pb_image et_pb_module et_block_module\"><span class=\"et_pb_image_wrap\"><img loading=\"lazy\" decoding=\"async\" src=\"https:\/\/eptastiktos.gr\/wp-content\/uploads\/2024\/03\/ancient-olive-tree-400px.webp\" width=\"400\" height=\"533\" srcset=\"https:\/\/eptastiktos.gr\/wp-content\/uploads\/2024\/03\/ancient-olive-tree-400px.webp 400w, https:\/\/eptastiktos.gr\/wp-content\/uploads\/2024\/03\/ancient-olive-tree-400px-225x300.webp 225w\" sizes=\"(max-width: 400px) 100vw, 400px\" class=\"wp-image-188\" title=\"ancient-olive-tree-400px\" \/><\/span><\/div>\n<\/div>\n<\/div>\n\n<div class=\"et_pb_row_4 et_pb_row et_block_row\">\n<div class=\"et_pb_column_7 et_pb_column et_pb_column_4_4 et-last-child et_block_column et_pb_css_mix_blend_mode_passthrough\">\n<div class=\"et_pb_video_0 et_pb_video et_pb_module et_flex_module\"><div class=\"et_pb_video_box\"><iframe loading=\"lazy\" title=\"\u0395\u03c0\u03c4\u03ac\u03c3\u03c4\u03b9\u03ba\u03c4\u03bf\u03c2 ~ \u0388\u03be\u03c4\u03c1\u03b1 \u03c0\u03b1\u03c1\u03b8\u03ad\u03bd\u03bf \u03c8\u03c5\u03c7\u03c1\u03ae\u03c2 \u03ad\u03ba\u03b8\u03bb\u03b9\u03c8\u03b7\u03c2 \u03b1\u03c0\u03bf \u03c5\u03c0\u03b5\u03c1\u03b1\u03b9\u03c9\u03bd\u03cc\u03b2\u03b9\u03b1 \u03b5\u03bb\u03b1\u03b9\u03cc\u03b4\u03b5\u03bd\u03c4\u03c1\u03b1  \u0399\u03b5\u03c1\u03ac\u03c0\u03b5\u03c4\u03c1\u03b1\u03c2\" src=\"https:\/\/player.vimeo.com\/video\/927906088?dnt=1&amp;app_id=122963\" width=\"1080\" height=\"608\" frameborder=\"0\" allow=\"autoplay; fullscreen; picture-in-picture; clipboard-write; encrypted-media; web-share\" referrerpolicy=\"strict-origin-when-cross-origin\"><\/iframe><\/div><\/div>\n<\/div>\n<\/div>\n<\/div>","protected":false},"excerpt":{"rendered":"","protected":false},"author":1,"featured_media":0,"parent":0,"menu_order":0,"comment_status":"closed","ping_status":"closed","template":"","meta":{"footnotes":""},"class_list":["post-353","page","type-page","status-publish","hentry"],"_links":{"self":[{"href":"https:\/\/eptastiktos.gr\/fr\/wp-json\/wp\/v2\/pages\/353","targetHints":{"allow":["GET"]}}],"collection":[{"href":"https:\/\/eptastiktos.gr\/fr\/wp-json\/wp\/v2\/pages"}],"about":[{"href":"https:\/\/eptastiktos.gr\/fr\/wp-json\/wp\/v2\/types\/page"}],"author":[{"embeddable":true,"href":"https:\/\/eptastiktos.gr\/fr\/wp-json\/wp\/v2\/users\/1"}],"replies":[{"embeddable":true,"href":"https:\/\/eptastiktos.gr\/fr\/wp-json\/wp\/v2\/comments?post=353"}],"version-history":[{"count":2,"href":"https:\/\/eptastiktos.gr\/fr\/wp-json\/wp\/v2\/pages\/353\/revisions"}],"predecessor-version":[{"id":821,"href":"https:\/\/eptastiktos.gr\/fr\/wp-json\/wp\/v2\/pages\/353\/revisions\/821"}],"wp:attachment":[{"href":"https:\/\/eptastiktos.gr\/fr\/wp-json\/wp\/v2\/media?parent=353"}],"curies":[{"name":"wp","href":"https:\/\/api.w.org\/{rel}","templated":true}]}}