{"id":361,"date":"2024-03-29T20:39:49","date_gmt":"2024-03-29T17:39:49","guid":{"rendered":"https:\/\/eptastiktos.gr\/%cf%80%ce%bf%ce%b9%ce%bf%ce%b9-%ce%b5%ce%af%ce%bc%ce%b1%cf%83%cf%84%ce%b5\/"},"modified":"2026-03-02T11:13:44","modified_gmt":"2026-03-02T08:13:44","slug":"qui-sommes-nous","status":"publish","type":"page","link":"https:\/\/eptastiktos.gr\/fr\/qui-sommes-nous\/","title":{"rendered":"Qui sommes-nous ?"},"content":{"rendered":"\n<div class=\"et_pb_section_0 et_pb_section et_section_regular et_block_section\"><div class=\"et_pb_row_0 et_pb_row et_pb_gutters1 et_block_row\"><div class=\"et_pb_column_0 et_pb_column et_pb_column_4_4 et-last-child et_block_column et_pb_css_mix_blend_mode_passthrough\"><div class=\"et_pb_text_0 et_pb_text et_pb_bg_layout_light et_pb_module et_block_module\"><div class=\"et_pb_text_inner\">\n<div role=\"navigation\" aria-label=\"S\u00e9lecteur de langue\" class=\"wpml-ls-statics-shortcode_actions wpml-ls wpml-ls-legacy-list-horizontal\">\n\t<ul><li class=\"wpml-ls-slot-shortcode_actions wpml-ls-item wpml-ls-item-en wpml-ls-first-item wpml-ls-item-legacy-list-horizontal\">\n\t\t\t\t<a href=\"https:\/\/eptastiktos.gr\/en\/\" hreflang=\"en\" lang=\"en\" class=\"wpml-ls-link\" aria-label=\"Passer \u00e0 Anglais\" title=\"Passer \u00e0 Anglais\">\n\t\t\t\t\t                                    <img decoding=\"async\"\n            class=\"wpml-ls-flag\"\n            src=\"https:\/\/eptastiktos.gr\/wp-content\/plugins\/sitepress-multilingual-cms\/res\/flags\/en.svg\"\n            alt=\"Anglais\"\n            loading=\"lazy\"\n            width=21\n            height=14\n    \/><\/a>\n\t\t\t<\/li><li class=\"wpml-ls-slot-shortcode_actions wpml-ls-item wpml-ls-item-el wpml-ls-last-item wpml-ls-item-legacy-list-horizontal\">\n\t\t\t\t<a href=\"https:\/\/eptastiktos.gr\/\" hreflang=\"el\" lang=\"el\" class=\"wpml-ls-link\" aria-label=\"Passer \u00e0 Grec moderne\" title=\"Passer \u00e0 Grec moderne\">\n\t\t\t\t\t                                    <img decoding=\"async\"\n            class=\"wpml-ls-flag\"\n            src=\"https:\/\/eptastiktos.gr\/wp-content\/plugins\/sitepress-multilingual-cms\/res\/flags\/el.svg\"\n            alt=\"Grec moderne\"\n            loading=\"lazy\"\n            width=21\n            height=14\n    \/><\/a>\n\t\t\t<\/li><\/ul>\n<\/div>\n\n<\/div><\/div><\/div><\/div><div class=\"et_pb_row_1 et_pb_row et_block_row\"><div class=\"et_pb_column_1 et_pb_column et_pb_column_4_4 et-last-child et_block_column et_pb_css_mix_blend_mode_passthrough\"><div class=\"et_pb_post_title_0 et_pb_post_title et_pb_bg_layout_light et_pb_module et_block_module\"><div class=\"et_pb_title_container\"><h1 class=\"entry-title\">Qui sommes-nous ?<\/h1><\/div><\/div><div class=\"et_pb_text_1 et_pb_text et_pb_bg_layout_light et_pb_module et_block_module\"><div class=\"et_pb_text_inner\"><p>La coop\u00e9rative sociale \"\u0395\u03a0\u03a4\u0391\u03a3\u03a4\u0399\u039a\u03a4\u039f\u03a3\" a \u00e9t\u00e9 cr\u00e9\u00e9e en 2015 par sept amis, avec pour si\u00e8ge le village de Kato Chorio \u00e0 Ierapetra. Avec un grand amour pour la nature cr\u00e9toise, un respect pour notre histoire, des producteurs et des citoyens sensibilis\u00e9s du district de Lasithi (dans l'est de la Cr\u00e8te), nous nous sommes r\u00e9unis dans le but de faire conna\u00eetre notre environnement naturel et nos produits. Nous cultivons de mani\u00e8re biologique de fa\u00e7on simple et naturelle, et nous essayons d'apprendre de la nature ! Nos produits sont certifi\u00e9s biologiques par <a href=\"https:\/\/bio-hellas.gr\/\" target=\"_blank\" rel=\"noopener\">BIOHELLAS<\/a> et <a href=\"https:\/\/irisbio.gr\/\" target=\"_blank\" rel=\"noopener\">IRIS<\/a>. Nous serions ravis de vous accueillir dans nos bureaux ou sur notre terrain pour que vous puissiez voir de pr\u00e8s notre travail et go\u00fbter \u00e0 ces produits purs ! Ce que nous vous promettons, c'est toujours l'honn\u00eatet\u00e9 et le respect avec des produits frais et purs chaque ann\u00e9e !<\/p>\n<\/div><\/div><\/div><\/div><div class=\"et_pb_row_2 et_pb_row et_block_row\"><div class=\"et_pb_column_2 et_pb_column et_pb_column_4_4 et-last-child et_block_column et_pb_css_mix_blend_mode_passthrough\"><div class=\"et_pb_image_0 et_pb_image et_pb_module et_block_module\"><span class=\"et_pb_image_wrap\"><img loading=\"lazy\" decoding=\"async\" src=\"https:\/\/eptastiktos.gr\/wp-content\/uploads\/2025\/10\/eptastiktos-kataxorimeno.jpg\" width=\"154\" height=\"209\" srcset=\"https:\/\/eptastiktos.gr\/wp-content\/uploads\/2025\/10\/eptastiktos-kataxorimeno.jpg 154w\" sizes=\"(max-width: 154px) 100vw, 154px\" class=\"wp-image-653\" title=\"eptastiktos kataxorimeno\" \/><\/span><\/div><\/div><\/div><\/div>\n","protected":false},"excerpt":{"rendered":"","protected":false},"author":1,"featured_media":0,"parent":0,"menu_order":0,"comment_status":"closed","ping_status":"closed","template":"","meta":{"footnotes":""},"class_list":["post-361","page","type-page","status-publish","hentry"],"_links":{"self":[{"href":"https:\/\/eptastiktos.gr\/fr\/wp-json\/wp\/v2\/pages\/361","targetHints":{"allow":["GET"]}}],"collection":[{"href":"https:\/\/eptastiktos.gr\/fr\/wp-json\/wp\/v2\/pages"}],"about":[{"href":"https:\/\/eptastiktos.gr\/fr\/wp-json\/wp\/v2\/types\/page"}],"author":[{"embeddable":true,"href":"https:\/\/eptastiktos.gr\/fr\/wp-json\/wp\/v2\/users\/1"}],"replies":[{"embeddable":true,"href":"https:\/\/eptastiktos.gr\/fr\/wp-json\/wp\/v2\/comments?post=361"}],"version-history":[{"count":1,"href":"https:\/\/eptastiktos.gr\/fr\/wp-json\/wp\/v2\/pages\/361\/revisions"}],"predecessor-version":[{"id":797,"href":"https:\/\/eptastiktos.gr\/fr\/wp-json\/wp\/v2\/pages\/361\/revisions\/797"}],"wp:attachment":[{"href":"https:\/\/eptastiktos.gr\/fr\/wp-json\/wp\/v2\/media?parent=361"}],"curies":[{"name":"wp","href":"https:\/\/api.w.org\/{rel}","templated":true}]}}