{"id":418,"date":"2024-03-30T21:42:51","date_gmt":"2024-03-30T18:42:51","guid":{"rendered":"https:\/\/eptastiktos.gr\/%cf%80%cf%81%ce%bf%cf%8a%cf%8c%ce%bd%cf%84%ce%b1-%cf%84%ce%b7%cf%82-%ce%ba%cf%81%ce%ae%cf%84%ce%b7%cf%82\/"},"modified":"2026-03-02T11:13:45","modified_gmt":"2026-03-02T08:13:45","slug":"produits-de-crete","status":"publish","type":"page","link":"https:\/\/eptastiktos.gr\/fr\/produits-de-crete\/","title":{"rendered":"Produits de Cr\u00e8te"},"content":{"rendered":"\n<div class=\"et_pb_section_0 et_pb_section et_section_regular et_block_section\"><div class=\"et_pb_row_0 et_pb_row et_pb_gutters1 et_block_row\"><div class=\"et_pb_column_0 et_pb_column et_pb_column_4_4 et-last-child et_block_column et_pb_css_mix_blend_mode_passthrough\"><div class=\"et_pb_text_0 et_pb_text et_pb_bg_layout_light et_pb_module et_block_module\"><div class=\"et_pb_text_inner\">\n<div role=\"navigation\" aria-label=\"S\u00e9lecteur de langue\" class=\"wpml-ls-statics-shortcode_actions wpml-ls wpml-ls-legacy-list-horizontal\">\n\t<ul><li class=\"wpml-ls-slot-shortcode_actions wpml-ls-item wpml-ls-item-en wpml-ls-first-item wpml-ls-item-legacy-list-horizontal\">\n\t\t\t\t<a href=\"https:\/\/eptastiktos.gr\/en\/\" hreflang=\"en\" lang=\"en\" class=\"wpml-ls-link\" aria-label=\"Passer \u00e0 Anglais\" title=\"Passer \u00e0 Anglais\">\n\t\t\t\t\t                                    <img decoding=\"async\"\n            class=\"wpml-ls-flag\"\n            src=\"https:\/\/eptastiktos.gr\/wp-content\/plugins\/sitepress-multilingual-cms\/res\/flags\/en.svg\"\n            alt=\"Anglais\"\n            loading=\"lazy\"\n            width=21\n            height=14\n    \/><\/a>\n\t\t\t<\/li><li class=\"wpml-ls-slot-shortcode_actions wpml-ls-item wpml-ls-item-el wpml-ls-last-item wpml-ls-item-legacy-list-horizontal\">\n\t\t\t\t<a href=\"https:\/\/eptastiktos.gr\/\" hreflang=\"el\" lang=\"el\" class=\"wpml-ls-link\" aria-label=\"Passer \u00e0 Grec moderne\" title=\"Passer \u00e0 Grec moderne\">\n\t\t\t\t\t                                    <img decoding=\"async\"\n            class=\"wpml-ls-flag\"\n            src=\"https:\/\/eptastiktos.gr\/wp-content\/plugins\/sitepress-multilingual-cms\/res\/flags\/el.svg\"\n            alt=\"Grec moderne\"\n            loading=\"lazy\"\n            width=21\n            height=14\n    \/><\/a>\n\t\t\t<\/li><\/ul>\n<\/div>\n\n<\/div><\/div><\/div><\/div><div class=\"et_pb_row_1 et_pb_row et_block_row\"><div class=\"et_pb_column_1 et_pb_column et_pb_column_4_4 et-last-child et_block_column et_pb_css_mix_blend_mode_passthrough\"><div class=\"et_pb_post_title_0 et_pb_post_title et_pb_bg_layout_light et_pb_module et_block_module\"><div class=\"et_pb_title_container\"><h1 class=\"entry-title\">Produits de Cr\u00e8te<\/h1><\/div><\/div><\/div><\/div><div class=\"et_pb_row_2 et_pb_row et_pb_equal_columns et_pb_gutters1 et_block_row\"><div class=\"et_pb_column_2 et_pb_column et_pb_column_1_5 et_block_column et_pb_css_mix_blend_mode_passthrough\"><div class=\"et_pb_gallery_0 et_pb_gallery et_pb_bg_layout_light et_pb_gallery_grid et_pb_module\" data-auto-rotate=\"off\" data-auto-rotate-speed=\"\"><div class=\"et_pb_gallery_items et_post_gallery clearfix et_grid_module\" data-per_page=\"3\"><div class=\"et_pb_gallery_item et_pb_grid_item et_pb_gallery_item_0_0\"><div class=\"et_pb_gallery_image portrait\" data-per_page=\"3\"><a href=\"https:\/\/eptastiktos.gr\/wp-content\/uploads\/2025\/10\/syskevasia-ya-to-elaiolado-apo-yperaionovies-2.webp\" title=\"syskevasia-ya-to-elaiolado-apo-yperaionovies-2\"><img loading=\"lazy\" decoding=\"async\" width=\"400\" height=\"516\" src=\"https:\/\/eptastiktos.gr\/wp-content\/uploads\/2025\/10\/syskevasia-ya-to-elaiolado-apo-yperaionovies-2-400x516.webp\" alt=\"\" class=\"wp-image-703\" srcset=\"https:\/\/eptastiktos.gr\/wp-content\/uploads\/2025\/10\/syskevasia-ya-to-elaiolado-apo-yperaionovies-2.webp 479w, https:\/\/eptastiktos.gr\/wp-content\/uploads\/2025\/10\/syskevasia-ya-to-elaiolado-apo-yperaionovies-2-400x516.webp 480w\" sizes=\"(max-width:479px) 479px, 100vw\" \/><span class=\"et_overlay\" data-icon=\"\" data-icon-tablet=\"\" data-icon-phone=\"\"><\/span><\/a><\/div><\/div><div class=\"et_pb_gallery_item et_pb_grid_item et_pb_gallery_item_0_1\"><div class=\"et_pb_gallery_image portrait\" data-per_page=\"3\"><a href=\"https:\/\/eptastiktos.gr\/wp-content\/uploads\/2025\/10\/syskevasia-100ml_02_mikrotero-megethos.webp\" title=\"syskevasia-100ml_02_mikrotero-megethos\"><img loading=\"lazy\" decoding=\"async\" width=\"400\" height=\"516\" src=\"https:\/\/eptastiktos.gr\/wp-content\/uploads\/2025\/10\/syskevasia-100ml_02_mikrotero-megethos-400x516.webp\" alt=\"\" class=\"wp-image-706\" srcset=\"https:\/\/eptastiktos.gr\/wp-content\/uploads\/2025\/10\/syskevasia-100ml_02_mikrotero-megethos.webp 479w, https:\/\/eptastiktos.gr\/wp-content\/uploads\/2025\/10\/syskevasia-100ml_02_mikrotero-megethos-400x516.webp 480w\" sizes=\"(max-width:479px) 479px, 100vw\" \/><span class=\"et_overlay\" data-icon=\"\" data-icon-tablet=\"\" data-icon-phone=\"\"><\/span><\/a><\/div><\/div><div class=\"et_pb_gallery_item et_pb_grid_item et_pb_gallery_item_0_2\"><div class=\"et_pb_gallery_image portrait\" data-per_page=\"3\"><a href=\"https:\/\/eptastiktos.gr\/wp-content\/uploads\/2025\/10\/syskevasia-100ml_01_levko-fonto.webp\" title=\"syskevasia-100ml_01_levko-fonto\"><img loading=\"lazy\" decoding=\"async\" width=\"400\" height=\"516\" src=\"https:\/\/eptastiktos.gr\/wp-content\/uploads\/2025\/10\/syskevasia-100ml_01_levko-fonto-400x516.webp\" alt=\"\" class=\"wp-image-715\" srcset=\"https:\/\/eptastiktos.gr\/wp-content\/uploads\/2025\/10\/syskevasia-100ml_01_levko-fonto.webp 479w, https:\/\/eptastiktos.gr\/wp-content\/uploads\/2025\/10\/syskevasia-100ml_01_levko-fonto-400x516.webp 480w\" sizes=\"(max-width:479px) 479px, 100vw\" \/><span class=\"et_overlay\" data-icon=\"\" data-icon-tablet=\"\" data-icon-phone=\"\"><\/span><\/a><\/div><\/div><div class=\"et_pb_gallery_item et_pb_grid_item et_pb_gallery_item_0_3\"><div class=\"et_pb_gallery_image portrait\" data-per_page=\"3\"><a href=\"https:\/\/eptastiktos.gr\/wp-content\/uploads\/2025\/10\/syskevaseis-elaioladou.webp\" title=\"syskevaseis-elaioladou\"><img loading=\"lazy\" decoding=\"async\" width=\"400\" height=\"516\" src=\"https:\/\/eptastiktos.gr\/wp-content\/uploads\/2025\/10\/syskevaseis-elaioladou-400x516.webp\" alt=\"\" class=\"wp-image-709\" srcset=\"https:\/\/eptastiktos.gr\/wp-content\/uploads\/2025\/10\/syskevaseis-elaioladou.webp 479w, https:\/\/eptastiktos.gr\/wp-content\/uploads\/2025\/10\/syskevaseis-elaioladou-400x516.webp 480w\" sizes=\"(max-width:479px) 479px, 100vw\" \/><span class=\"et_overlay\" data-icon=\"\" data-icon-tablet=\"\" data-icon-phone=\"\"><\/span><\/a><\/div><\/div><div class=\"et_pb_gallery_item et_pb_grid_item et_pb_gallery_item_0_4\"><div class=\"et_pb_gallery_image portrait\" data-per_page=\"3\"><a href=\"https:\/\/eptastiktos.gr\/wp-content\/uploads\/2025\/10\/eptastiktos-logo.webp\" title=\"eptastiktos-logo\"><img loading=\"lazy\" decoding=\"async\" width=\"400\" height=\"516\" src=\"https:\/\/eptastiktos.gr\/wp-content\/uploads\/2025\/10\/eptastiktos-logo-400x516.webp\" alt=\"\" class=\"wp-image-718\" srcset=\"https:\/\/eptastiktos.gr\/wp-content\/uploads\/2025\/10\/eptastiktos-logo.webp 479w, https:\/\/eptastiktos.gr\/wp-content\/uploads\/2025\/10\/eptastiktos-logo-400x516.webp 480w\" sizes=\"(max-width:479px) 479px, 100vw\" \/><span class=\"et_overlay\" data-icon=\"\" data-icon-tablet=\"\" data-icon-phone=\"\"><\/span><\/a><\/div><\/div><div class=\"et_pb_gallery_item et_pb_grid_item et_pb_gallery_item_0_5\"><div class=\"et_pb_gallery_image portrait\" data-per_page=\"3\"><a href=\"https:\/\/eptastiktos.gr\/wp-content\/uploads\/2025\/10\/kiraloufi-foto-ellinika.webp\" title=\"kiraloufi-foto-ellinika\"><img loading=\"lazy\" decoding=\"async\" width=\"400\" height=\"516\" src=\"https:\/\/eptastiktos.gr\/wp-content\/uploads\/2025\/10\/kiraloufi-foto-ellinika-400x516.webp\" alt=\"\" class=\"wp-image-712\" srcset=\"https:\/\/eptastiktos.gr\/wp-content\/uploads\/2025\/10\/kiraloufi-foto-ellinika.webp 479w, https:\/\/eptastiktos.gr\/wp-content\/uploads\/2025\/10\/kiraloufi-foto-ellinika-400x516.webp 480w\" sizes=\"(max-width:479px) 479px, 100vw\" \/><span class=\"et_overlay\" data-icon=\"\" data-icon-tablet=\"\" data-icon-phone=\"\"><\/span><\/a><\/div><\/div><\/div><\/div><\/div><div class=\"et_pb_column_3 et_pb_column et_pb_column_3_5 et_block_column et_pb_css_mix_blend_mode_passthrough\"><div class=\"et_pb_text_1 et_pb_text et_pb_bg_layout_light et_pb_module et_block_module\"><div class=\"et_pb_text_inner\"><p><span style=\"font-weight: 400;\">Nous cultivons nos produits selon les principes de l\u2019agriculture biologique et nous effor\u00e7ons d\u2019apprendre directement de la nature. Tous nos produits sont certifi\u00e9s biologiques par BIOHELLAS et IRIS.<\/span><\/p>\n<p><span style=\"font-weight: 400;\">Avec un capital initial de 2 000 oliviers, nous produisons une huile d\u2019olive extra vierge biologique, obtenue par pression \u00e0 froid. Gr\u00e2ce \u00e0 un savoir-faire artisanal, nos membres \u00e9laborent neuf vari\u00e9t\u00e9s distinctes d\u2019huiles d\u2019olive aromatis\u00e9es. L\u2019un de nos membres transforme \u00e9galement des l\u00e9gumes frais en chutneys, confitures et jus.<\/span><\/p>\n<p><span style=\"font-weight: 400;\">Inspir\u00e9s par des recettes minoennes ancestrales, nous fabriquons des baumes r\u00e9parateurs \u00e0 base d\u2019huile d\u2019olive biologique et de cire d\u2019abeille \u2014 sans huiles essentielles. (Il est important que les consommateurs sachent que les baumes contenant des m\u00e9langes d\u2019huiles essentielles doivent \u00eatre approuv\u00e9s par l\u2019Organisation nationale des m\u00e9dicaments.)<\/span><\/p>\n<p><span style=\"font-weight: 400;\">Gr\u00e2ce \u00e0 une population d\u2019abeilles florissante, nous proposons \u00e9galement un miel cr\u00e9tois biologique d\u2019exception, r\u00e9colt\u00e9 \u00e0 partir des herbes aromatiques et des for\u00eats de pins de l\u2019\u00eele. En alliant tradition et savoir contemporain, nous cr\u00e9ons des produits \u00e0 la fois innovants et profond\u00e9ment enracin\u00e9s dans notre patrimoine.<\/span><\/p>\n<p><span style=\"font-weight: 400;\">Nous soutenons les producteurs qui partagent notre philosophie et nos valeurs \u2014 en travaillant ensemble pour prot\u00e9ger la nature et offrir de meilleurs produits \u00e0 nos familles.<\/span><\/p>\n<p><span style=\"font-weight: 400;\">Si vous souhaitez en savoir plus sur nos produits, n\u2019h\u00e9sitez pas \u00e0 nous contacter par e-mail ou par t\u00e9l\u00e9phone.\u00a0<\/span><\/p>\n<p><span style=\"font-weight: 400;\">Email : <\/span><a href=\"mailto:7stiktos@gmail.com\"><span style=\"font-weight: 400;\">7stiktos@gmail.com<\/span><\/a><\/p>\n<\/div><\/div><\/div><div class=\"et_pb_column_4 et_pb_column et_pb_column_1_5 et-last-child et_block_column et_pb_css_mix_blend_mode_passthrough\"><div class=\"et_pb_gallery_1 et_pb_gallery et_pb_bg_layout_light et_pb_gallery_grid et_pb_module\" data-auto-rotate=\"off\" data-auto-rotate-speed=\"\"><div class=\"et_pb_gallery_items et_post_gallery clearfix et_grid_module\" data-per_page=\"3\"><div class=\"et_pb_gallery_item et_pb_grid_item et_pb_gallery_item_1_0\"><div class=\"et_pb_gallery_image portrait\" data-per_page=\"3\"><a href=\"https:\/\/eptastiktos.gr\/wp-content\/uploads\/2025\/10\/syskevaseis-elaioladou.webp\" title=\"syskevaseis-elaioladou\"><img loading=\"lazy\" decoding=\"async\" width=\"400\" height=\"516\" src=\"https:\/\/eptastiktos.gr\/wp-content\/uploads\/2025\/10\/syskevaseis-elaioladou-400x516.webp\" alt=\"\" class=\"wp-image-709\" srcset=\"https:\/\/eptastiktos.gr\/wp-content\/uploads\/2025\/10\/syskevaseis-elaioladou.webp 479w, https:\/\/eptastiktos.gr\/wp-content\/uploads\/2025\/10\/syskevaseis-elaioladou-400x516.webp 480w\" sizes=\"(max-width:479px) 479px, 100vw\" \/><span class=\"et_overlay\" data-icon=\"\" data-icon-tablet=\"\" data-icon-phone=\"\"><\/span><\/a><\/div><\/div><div class=\"et_pb_gallery_item et_pb_grid_item et_pb_gallery_item_1_1\"><div class=\"et_pb_gallery_image portrait\" data-per_page=\"3\"><a href=\"https:\/\/eptastiktos.gr\/wp-content\/uploads\/2025\/10\/eptastiktos-logo.webp\" title=\"eptastiktos-logo\"><img loading=\"lazy\" decoding=\"async\" width=\"400\" height=\"516\" src=\"https:\/\/eptastiktos.gr\/wp-content\/uploads\/2025\/10\/eptastiktos-logo-400x516.webp\" alt=\"\" class=\"wp-image-718\" srcset=\"https:\/\/eptastiktos.gr\/wp-content\/uploads\/2025\/10\/eptastiktos-logo.webp 479w, https:\/\/eptastiktos.gr\/wp-content\/uploads\/2025\/10\/eptastiktos-logo-400x516.webp 480w\" sizes=\"(max-width:479px) 479px, 100vw\" \/><span class=\"et_overlay\" data-icon=\"\" data-icon-tablet=\"\" data-icon-phone=\"\"><\/span><\/a><\/div><\/div><div class=\"et_pb_gallery_item et_pb_grid_item et_pb_gallery_item_1_2\"><div class=\"et_pb_gallery_image portrait\" data-per_page=\"3\"><a href=\"https:\/\/eptastiktos.gr\/wp-content\/uploads\/2025\/10\/kiraloufi-foto-ellinika.webp\" title=\"kiraloufi-foto-ellinika\"><img loading=\"lazy\" decoding=\"async\" width=\"400\" height=\"516\" src=\"https:\/\/eptastiktos.gr\/wp-content\/uploads\/2025\/10\/kiraloufi-foto-ellinika-400x516.webp\" alt=\"\" class=\"wp-image-712\" srcset=\"https:\/\/eptastiktos.gr\/wp-content\/uploads\/2025\/10\/kiraloufi-foto-ellinika.webp 479w, https:\/\/eptastiktos.gr\/wp-content\/uploads\/2025\/10\/kiraloufi-foto-ellinika-400x516.webp 480w\" sizes=\"(max-width:479px) 479px, 100vw\" \/><span class=\"et_overlay\" data-icon=\"\" data-icon-tablet=\"\" data-icon-phone=\"\"><\/span><\/a><\/div><\/div><div class=\"et_pb_gallery_item et_pb_grid_item et_pb_gallery_item_1_3\"><div class=\"et_pb_gallery_image portrait\" data-per_page=\"3\"><a href=\"https:\/\/eptastiktos.gr\/wp-content\/uploads\/2025\/10\/syskevasia-ya-to-elaiolado-apo-yperaionovies-2.webp\" title=\"syskevasia-ya-to-elaiolado-apo-yperaionovies-2\"><img loading=\"lazy\" decoding=\"async\" width=\"400\" height=\"516\" src=\"https:\/\/eptastiktos.gr\/wp-content\/uploads\/2025\/10\/syskevasia-ya-to-elaiolado-apo-yperaionovies-2-400x516.webp\" alt=\"\" class=\"wp-image-703\" srcset=\"https:\/\/eptastiktos.gr\/wp-content\/uploads\/2025\/10\/syskevasia-ya-to-elaiolado-apo-yperaionovies-2.webp 479w, https:\/\/eptastiktos.gr\/wp-content\/uploads\/2025\/10\/syskevasia-ya-to-elaiolado-apo-yperaionovies-2-400x516.webp 480w\" sizes=\"(max-width:479px) 479px, 100vw\" \/><span class=\"et_overlay\" data-icon=\"\" data-icon-tablet=\"\" data-icon-phone=\"\"><\/span><\/a><\/div><\/div><div class=\"et_pb_gallery_item et_pb_grid_item et_pb_gallery_item_1_4\"><div class=\"et_pb_gallery_image portrait\" data-per_page=\"3\"><a href=\"https:\/\/eptastiktos.gr\/wp-content\/uploads\/2025\/10\/syskevasia-100ml_02_mikrotero-megethos.webp\" title=\"syskevasia-100ml_02_mikrotero-megethos\"><img loading=\"lazy\" decoding=\"async\" width=\"400\" height=\"516\" src=\"https:\/\/eptastiktos.gr\/wp-content\/uploads\/2025\/10\/syskevasia-100ml_02_mikrotero-megethos-400x516.webp\" alt=\"\" class=\"wp-image-706\" srcset=\"https:\/\/eptastiktos.gr\/wp-content\/uploads\/2025\/10\/syskevasia-100ml_02_mikrotero-megethos.webp 479w, https:\/\/eptastiktos.gr\/wp-content\/uploads\/2025\/10\/syskevasia-100ml_02_mikrotero-megethos-400x516.webp 480w\" sizes=\"(max-width:479px) 479px, 100vw\" \/><span class=\"et_overlay\" data-icon=\"\" data-icon-tablet=\"\" data-icon-phone=\"\"><\/span><\/a><\/div><\/div><div class=\"et_pb_gallery_item et_pb_grid_item et_pb_gallery_item_1_5\"><div class=\"et_pb_gallery_image portrait\" data-per_page=\"3\"><a href=\"https:\/\/eptastiktos.gr\/wp-content\/uploads\/2025\/10\/syskevasia-100ml_01_levko-fonto.webp\" title=\"syskevasia-100ml_01_levko-fonto\"><img loading=\"lazy\" decoding=\"async\" width=\"400\" height=\"516\" src=\"https:\/\/eptastiktos.gr\/wp-content\/uploads\/2025\/10\/syskevasia-100ml_01_levko-fonto-400x516.webp\" alt=\"\" class=\"wp-image-715\" srcset=\"https:\/\/eptastiktos.gr\/wp-content\/uploads\/2025\/10\/syskevasia-100ml_01_levko-fonto.webp 479w, https:\/\/eptastiktos.gr\/wp-content\/uploads\/2025\/10\/syskevasia-100ml_01_levko-fonto-400x516.webp 480w\" sizes=\"(max-width:479px) 479px, 100vw\" \/><span class=\"et_overlay\" data-icon=\"\" data-icon-tablet=\"\" data-icon-phone=\"\"><\/span><\/a><\/div><\/div><\/div><\/div><\/div><\/div><\/div>\n","protected":false},"excerpt":{"rendered":"","protected":false},"author":1,"featured_media":0,"parent":0,"menu_order":0,"comment_status":"closed","ping_status":"closed","template":"","meta":{"footnotes":""},"class_list":["post-418","page","type-page","status-publish","hentry"],"_links":{"self":[{"href":"https:\/\/eptastiktos.gr\/fr\/wp-json\/wp\/v2\/pages\/418","targetHints":{"allow":["GET"]}}],"collection":[{"href":"https:\/\/eptastiktos.gr\/fr\/wp-json\/wp\/v2\/pages"}],"about":[{"href":"https:\/\/eptastiktos.gr\/fr\/wp-json\/wp\/v2\/types\/page"}],"author":[{"embeddable":true,"href":"https:\/\/eptastiktos.gr\/fr\/wp-json\/wp\/v2\/users\/1"}],"replies":[{"embeddable":true,"href":"https:\/\/eptastiktos.gr\/fr\/wp-json\/wp\/v2\/comments?post=418"}],"version-history":[{"count":1,"href":"https:\/\/eptastiktos.gr\/fr\/wp-json\/wp\/v2\/pages\/418\/revisions"}],"predecessor-version":[{"id":805,"href":"https:\/\/eptastiktos.gr\/fr\/wp-json\/wp\/v2\/pages\/418\/revisions\/805"}],"wp:attachment":[{"href":"https:\/\/eptastiktos.gr\/fr\/wp-json\/wp\/v2\/media?parent=418"}],"curies":[{"name":"wp","href":"https:\/\/api.w.org\/{rel}","templated":true}]}}